{"id":124,"date":"2014-11-12T07:21:58","date_gmt":"2014-11-12T07:21:58","guid":{"rendered":"http:\/\/handelskredite.me\/equity-participations\/"},"modified":"2023-08-18T14:34:26","modified_gmt":"2023-08-18T14:34:26","slug":"ravnopravno-ucesce","status":"publish","type":"page","link":"http:\/\/handelskredite.me\/me\/investicijske-pozicije\/ravnopravno-ucesce\/","title":{"rendered":"Ravnopravno u\u010de\u0161\u0107e (Equity participations)"},"content":{"rendered":"","protected":false},"excerpt":{"rendered":"","protected":false},"author":1,"featured_media":0,"parent":125,"menu_order":0,"comment_status":"open","ping_status":"open","template":"standard_page.php","meta":{"_themeisle_gutenberg_block_has_review":false},"acf":[],"_links":{"self":[{"href":"http:\/\/handelskredite.me\/me\/wp-json\/wp\/v2\/pages\/124"}],"collection":[{"href":"http:\/\/handelskredite.me\/me\/wp-json\/wp\/v2\/pages"}],"about":[{"href":"http:\/\/handelskredite.me\/me\/wp-json\/wp\/v2\/types\/page"}],"author":[{"embeddable":true,"href":"http:\/\/handelskredite.me\/me\/wp-json\/wp\/v2\/users\/1"}],"replies":[{"embeddable":true,"href":"http:\/\/handelskredite.me\/me\/wp-json\/wp\/v2\/comments?post=124"}],"version-history":[{"count":6,"href":"http:\/\/handelskredite.me\/me\/wp-json\/wp\/v2\/pages\/124\/revisions"}],"predecessor-version":[{"id":305,"href":"http:\/\/handelskredite.me\/me\/wp-json\/wp\/v2\/pages\/124\/revisions\/305"}],"up":[{"embeddable":true,"href":"http:\/\/handelskredite.me\/me\/wp-json\/wp\/v2\/pages\/125"}],"wp:attachment":[{"href":"http:\/\/handelskredite.me\/me\/wp-json\/wp\/v2\/media?parent=124"}],"curies":[{"name":"wp","href":"https:\/\/api.w.org\/{rel}","templated":true}]}}